{"id":72,"date":"2024-09-11T17:18:09","date_gmt":"2024-09-11T20:18:09","guid":{"rendered":"https:\/\/xtrategies.com.br\/?page_id=72"},"modified":"2025-08-07T10:53:16","modified_gmt":"2025-08-07T13:53:16","slug":"impantacao-sistema-de-excelencia","status":"publish","type":"page","link":"https:\/\/xtrategies.com.br\/?page_id=72","title":{"rendered":"Implanta\u00e7\u00e3o Sistema de Excel\u00eancia"},"content":{"rendered":"\n[et_pb_section fb_built=&#8221;1&#8243; _builder_version=&#8221;4.27.0&#8243; _module_preset=&#8221;default&#8221; custom_padding=&#8221;2px||0px|||&#8221; global_colors_info=&#8221;{}&#8221;][et_pb_row _builder_version=&#8221;4.27.0&#8243; _module_preset=&#8221;default&#8221; custom_padding=&#8221;10px|||||&#8221; global_colors_info=&#8221;{}&#8221;][et_pb_column type=&#8221;4_4&#8243; _builder_version=&#8221;4.27.0&#8243; _module_preset=&#8221;default&#8221; global_colors_info=&#8221;{}&#8221;][et_pb_menu active_link_color=&#8221;#770707&#8243; dropdown_menu_bg_color=&#8221;rgba(150,0,0,0.47)&#8221; dropdown_menu_text_color=&#8221;#FFFFFF&#8221; dropdown_menu_active_link_color=&#8221;#EDF000&#8243; mobile_menu_bg_color=&#8221;rgba(137,13,13,0.54)&#8221; mobile_menu_text_color=&#8221;#FFFFFF&#8221; logo=&#8221;http:\/\/xtrategies.com.br\/wp-content\/uploads\/2024\/09\/logotipo-xtrategies.png&#8221; logo_url=&#8221;https:\/\/xtrategies.com.br\/&#8221; logo_width=&#8221;19%&#8221; logo_width_tablet=&#8221;19%&#8221; logo_width_phone=&#8221;40%&#8221; logo_width_last_edited=&#8221;on|phone&#8221; _builder_version=&#8221;4.27.0&#8243; _module_preset=&#8221;default&#8221; menu_font=&#8221;|700|||||||&#8221; menu_text_color=&#8221;#a30101&#8243; custom_margin=&#8221;||-9px|||&#8221; global_colors_info=&#8221;{}&#8221;][\/et_pb_menu][\/et_pb_column][\/et_pb_row][\/et_pb_section][et_pb_section fb_built=&#8221;1&#8243; admin_label=&#8221;Header&#8221; _builder_version=&#8221;4.27.0&#8243; _module_preset=&#8221;default&#8221; use_background_color_gradient=&#8221;on&#8221; background_color_gradient_stops=&#8221;rgba(226,45,87,0.33) 0%|#54000c 100%&#8221; background_color_gradient_overlays_image=&#8221;on&#8221; background_image=&#8221;http:\/\/xtrategies.com.br\/wp-content\/uploads\/2024\/09\/front-view-business-people-meeting-scaled.jpg&#8221; background_enable_video_mp4=&#8221;off&#8221; custom_margin=&#8221;||-25px|||&#8221; custom_padding=&#8221;3vw||3vw||true|false&#8221; locked=&#8221;off&#8221; collapsed=&#8221;on&#8221; global_colors_info=&#8221;{%22gcid-9fa4a1b6-767d-41ca-984c-a6f10449c843%22:%91%22background_color_gradient_stops%22%93}&#8221;][et_pb_row _builder_version=&#8221;4.20.0&#8243; _module_preset=&#8221;default&#8221; max_width=&#8221;800px&#8221; global_colors_info=&#8221;{}&#8221;][et_pb_column type=&#8221;4_4&#8243; _builder_version=&#8221;4.20.0&#8243; _module_preset=&#8221;default&#8221; global_colors_info=&#8221;{}&#8221;][et_pb_text _builder_version=&#8221;4.27.0&#8243; _module_preset=&#8221;3c95f55d-b39d-4409-9e6d-ac2f085555fa&#8221; text_font=&#8221;Roboto Condensed||||||||&#8221; text_font_size=&#8221;8px&#8221; header_font=&#8221;Roboto Condensed|||on|||||&#8221; header_text_color=&#8221;#FFFFFF&#8221; text_orientation=&#8221;center&#8221; custom_margin=&#8221;86px|||||&#8221; custom_padding=&#8221;||0px|||&#8221; global_colors_info=&#8221;{}&#8221;]<h1>IMPLANTA\u00c7\u00c3O &#8211; SISTEMA DE EXCEL\u00caNCIA<\/h1>[\/et_pb_text][\/et_pb_column][\/et_pb_row][\/et_pb_section][et_pb_section fb_built=&#8221;1&#8243; admin_label=&#8221;Services&#8221; _builder_version=&#8221;4.27.0&#8243; _module_preset=&#8221;default&#8221; background_color=&#8221;#6d0414&#8243; custom_margin=&#8221;23px|||||&#8221; custom_padding=&#8221;2px||2px|||&#8221; collapsed=&#8221;on&#8221; global_colors_info=&#8221;{}&#8221;][et_pb_row column_structure=&#8221;1_4,1_2,1_4&#8243; _builder_version=&#8221;4.27.0&#8243; _module_preset=&#8221;default&#8221; custom_margin=&#8221;-1px|auto||auto||&#8221; global_colors_info=&#8221;{}&#8221;][et_pb_column type=&#8221;1_4&#8243; _builder_version=&#8221;4.27.0&#8243; _module_preset=&#8221;default&#8221; global_colors_info=&#8221;{}&#8221;][et_pb_divider show_divider=&#8221;off&#8221; _builder_version=&#8221;4.27.0&#8243; _module_preset=&#8221;default&#8221; global_colors_info=&#8221;{}&#8221;][\/et_pb_divider][\/et_pb_column][et_pb_column type=&#8221;1_2&#8243; _builder_version=&#8221;4.27.0&#8243; _module_preset=&#8221;default&#8221; global_colors_info=&#8221;{}&#8221;][et_pb_text _builder_version=&#8221;4.27.0&#8243; _module_preset=&#8221;default&#8221; text_text_color=&#8221;#FFFFFF&#8221; text_font_size=&#8221;16px&#8221; custom_padding=&#8221;||0px|||&#8221; global_colors_info=&#8221;{}&#8221;]<p><span style=\"vertical-align: inherit;\"><span style=\"vertical-align: inherit;\">Na Xtrategies, oferecemos suporte completo aos nossos clientes durante todo o processo de implanta\u00e7\u00e3o de um Sistema de Excel\u00eancia, que incorpora e expande o uso de IA com metodologias integradas. Nosso objetivo \u00e9 ajudar as organiza\u00e7\u00f5es a integrarem ferramentas, metodologias e filosofias de excel\u00eancia, orientando sobre o que, quando e como utiliz\u00e1-las para alcan\u00e7ar seus objetivos estrat\u00e9gicos.<\/span><\/span><\/p>\n<p><strong><span style=\"vertical-align: inherit;\"><span style=\"vertical-align: inherit;\">Abordagem Hol\u00edstica<\/span><\/span><\/strong><\/p>\n<p><span style=\"vertical-align: inherit;\"><span style=\"vertical-align: inherit;\">A implanta\u00e7\u00e3o de um Sistema de Excel\u00eancia inclui:<\/span><\/span><\/p>[\/et_pb_text][\/et_pb_column][et_pb_column type=&#8221;1_4&#8243; _builder_version=&#8221;4.27.0&#8243; _module_preset=&#8221;default&#8221; global_colors_info=&#8221;{}&#8221;][et_pb_divider show_divider=&#8221;off&#8221; _builder_version=&#8221;4.27.0&#8243; _module_preset=&#8221;default&#8221; global_colors_info=&#8221;{}&#8221;][\/et_pb_divider][\/et_pb_column][\/et_pb_row][et_pb_row column_structure=&#8221;1_2,1_2&#8243; _builder_version=&#8221;4.27.0&#8243; _module_preset=&#8221;default&#8221; global_colors_info=&#8221;{}&#8221;][et_pb_column type=&#8221;1_2&#8243; _builder_version=&#8221;4.27.0&#8243; _module_preset=&#8221;default&#8221; global_colors_info=&#8221;{}&#8221;][et_pb_blurb title=&#8221;SELE\u00c7\u00c3O E AVALIA\u00c7\u00c3O&#8221; use_icon=&#8221;on&#8221; font_icon=&#8221;&#x68;||divi||400&#8243; icon_color=&#8221;#FFFFFF&#8221; _builder_version=&#8221;4.27.0&#8243; _module_preset=&#8221;default&#8221; header_font=&#8221;|700|||||||&#8221; header_text_color=&#8221;#FFFFFF&#8221; body_text_color=&#8221;#FFFFFF&#8221; global_colors_info=&#8221;{}&#8221;]<ol>\n<ul>\n<li><strong><span style=\"vertical-align: inherit;\"><span style=\"vertical-align: inherit;\">Ferramentas e Metodologias:<\/span><\/span><\/strong><span style=\"vertical-align: inherit;\"><span style=\"vertical-align: inherit;\"> Identificamos e avaliamos as ferramentas, metodologias e filosofias de excel\u00eancia j\u00e1 em uso ou a serem inovadoras na organiza\u00e7\u00e3o, inclusive a maturidade do uso de IA na Organiza\u00e7\u00e3o.<\/span><\/span><\/li>\n<li><strong><span style=\"vertical-align: inherit;\"><span style=\"vertical-align: inherit;\">Estrat\u00e9gia de Implanta\u00e7\u00e3o:<\/span><\/span><\/strong><span style=\"vertical-align: inherit;\"><span style=\"vertical-align: inherit;\"> Definimos uma estrat\u00e9gia clara, acompanhada de um plano de a\u00e7\u00f5es detalhadas e m\u00e9tricas para monitorar o progresso e o sucesso.<\/span><\/span><\/li>\n<\/ul>\n<\/ol>[\/et_pb_blurb][\/et_pb_column][et_pb_column type=&#8221;1_2&#8243; _builder_version=&#8221;4.27.0&#8243; _module_preset=&#8221;default&#8221; global_colors_info=&#8221;{}&#8221;][et_pb_blurb title=&#8221;EXECU\u00c7\u00c3O E SUPORTE&#8221; use_icon=&#8221;on&#8221; font_icon=&#8221;&#xe00a;||divi||400&#8243; icon_color=&#8221;#FFFFFF&#8221; _builder_version=&#8221;4.27.0&#8243; _module_preset=&#8221;default&#8221; header_font=&#8221;|700|||||||&#8221; header_text_color=&#8221;#FFFFFF&#8221; body_text_color=&#8221;#FFFFFF&#8221; global_colors_info=&#8221;{}&#8221;]<ol>\n<ul>\n<li><strong><span style=\"vertical-align: inherit;\"><span style=\"vertical-align: inherit;\">Elabora\u00e7\u00e3o do Plano:<\/span><\/span><\/strong><span style=\"vertical-align: inherit;\"><span style=\"vertical-align: inherit;\"> Desenvolvemos planos personalizados para a implanta\u00e7\u00e3o das ferramentas, metodologias e filosofias poss\u00edveis.<\/span><\/span><\/li>\n<li><strong><span style=\"vertical-align: inherit;\"><span style=\"vertical-align: inherit;\">Implanta\u00e7\u00e3o e Treinamento:<\/span><\/span><\/strong><span style=\"vertical-align: inherit;\"><span style=\"vertical-align: inherit;\"> Fornecemos suporte cont\u00ednuo durante a implanta\u00e7\u00e3o, incluindo treinamentos customizados para garantir que todos os envolvidos estejam capacitados.<\/span><\/span><\/li>\n<li><strong><span style=\"vertical-align: inherit;\"><span style=\"vertical-align: inherit;\">Avalia\u00e7\u00e3o e Evolu\u00e7\u00e3o:<\/span><\/span><\/strong><span style=\"vertical-align: inherit;\"><span style=\"vertical-align: inherit;\"> Monitoramos e avaliamos o progresso, comparando os resultados com os objetivos propostos. Com base nas avalia\u00e7\u00f5es, definimos os pr\u00f3ximos passos para garantir uma evolu\u00e7\u00e3o sustent\u00e1vel.<\/span><\/span><\/li>\n<\/ul>\n<\/ol>[\/et_pb_blurb][\/et_pb_column][\/et_pb_row][et_pb_row column_structure=&#8221;1_4,1_2,1_4&#8243; _builder_version=&#8221;4.27.0&#8243; _module_preset=&#8221;default&#8221; custom_margin=&#8221;-1px|auto||auto||&#8221; global_colors_info=&#8221;{}&#8221;][et_pb_column type=&#8221;1_4&#8243; _builder_version=&#8221;4.27.0&#8243; _module_preset=&#8221;default&#8221; global_colors_info=&#8221;{}&#8221;][et_pb_divider show_divider=&#8221;off&#8221; _builder_version=&#8221;4.27.0&#8243; _module_preset=&#8221;default&#8221; global_colors_info=&#8221;{}&#8221;][\/et_pb_divider][\/et_pb_column][et_pb_column type=&#8221;1_2&#8243; _builder_version=&#8221;4.27.0&#8243; _module_preset=&#8221;default&#8221; global_colors_info=&#8221;{}&#8221;][et_pb_text _builder_version=&#8221;4.27.0&#8243; _module_preset=&#8221;default&#8221; text_text_color=&#8221;#FFFFFF&#8221; text_font_size=&#8221;16px&#8221; custom_padding=&#8221;||0px|||&#8221; global_colors_info=&#8221;{}&#8221;]<p><strong>\u00c1reas de Foco<\/strong><\/p>\n<p>Nosso suporte abrange diversas \u00e1reas, incluindo:<\/p>[\/et_pb_text][\/et_pb_column][et_pb_column type=&#8221;1_4&#8243; _builder_version=&#8221;4.27.0&#8243; _module_preset=&#8221;default&#8221; global_colors_info=&#8221;{}&#8221;][et_pb_divider show_divider=&#8221;off&#8221; _builder_version=&#8221;4.27.0&#8243; _module_preset=&#8221;default&#8221; global_colors_info=&#8221;{}&#8221;][\/et_pb_divider][\/et_pb_column][\/et_pb_row][et_pb_row column_structure=&#8221;1_4,1_4,1_4,1_4&#8243; _builder_version=&#8221;4.27.0&#8243; _module_preset=&#8221;default&#8221; global_colors_info=&#8221;{}&#8221;][et_pb_column type=&#8221;1_4&#8243; _builder_version=&#8221;4.27.0&#8243; _module_preset=&#8221;default&#8221; global_colors_info=&#8221;{}&#8221;][et_pb_blurb title=&#8221;EXCEL\u00caNCIA DE PROCESSOS EXISTENTES&#8221; use_icon=&#8221;on&#8221; font_icon=&#8221;&#x68;||divi||400&#8243; icon_color=&#8221;#FFFFFF&#8221; _builder_version=&#8221;4.27.0&#8243; _module_preset=&#8221;default&#8221; header_font=&#8221;|700|||||||&#8221; header_text_color=&#8221;#FFFFFF&#8221; body_text_color=&#8221;#FFFFFF&#8221; global_colors_info=&#8221;{}&#8221;]<ol>\n<ul>\n<li><strong><span style=\"vertical-align: inherit;\"><span style=\"vertical-align: inherit;\">PDCA<\/span><\/span><\/strong><\/li>\n<li><strong><span style=\"vertical-align: inherit;\"><span style=\"vertical-align: inherit;\">Lean<\/span><\/span><\/strong><\/li>\n<li><strong><span style=\"vertical-align: inherit;\"><span style=\"vertical-align: inherit;\">Lean Seis Sigma<\/span><\/span><\/strong><\/li>\n<\/ul>\n<\/ol>[\/et_pb_blurb][\/et_pb_column][et_pb_column type=&#8221;1_4&#8243; _builder_version=&#8221;4.27.0&#8243; _module_preset=&#8221;default&#8221; global_colors_info=&#8221;{}&#8221;][et_pb_blurb title=&#8221;GERENCIAMENTO DE PROJETOS&#8221; use_icon=&#8221;on&#8221; font_icon=&#8221;&#xe00a;||divi||400&#8243; icon_color=&#8221;#FFFFFF&#8221; _builder_version=&#8221;4.27.0&#8243; _module_preset=&#8221;default&#8221; header_font=&#8221;|700|||||||&#8221; header_text_color=&#8221;#FFFFFF&#8221; body_text_color=&#8221;#FFFFFF&#8221; global_colors_info=&#8221;{}&#8221;]<ul>\n<li><strong>Padr\u00e3o PMBOK\u00ae Guide<\/strong><\/li>\n<li><strong>Metodologia PRINCE2\u00ae<\/strong><\/li>\n<li><strong>Filosofia \u00c1gil<\/strong><\/li>\n<li><strong>Framework Scrum<\/strong><\/li>\n<\/ul>[\/et_pb_blurb][\/et_pb_column][et_pb_column type=&#8221;1_4&#8243; _builder_version=&#8221;4.27.0&#8243; _module_preset=&#8221;default&#8221; global_colors_info=&#8221;{}&#8221;][et_pb_blurb title=&#8221;INOVA\u00c7\u00c3O&#8221; use_icon=&#8221;on&#8221; font_icon=&#8221;&#x55;||divi||400&#8243; icon_color=&#8221;#FFFFFF&#8221; _builder_version=&#8221;4.27.0&#8243; _module_preset=&#8221;default&#8221; header_font=&#8221;|700|||||||&#8221; header_text_color=&#8221;#FFFFFF&#8221; body_text_color=&#8221;#FFFFFF&#8221; global_colors_info=&#8221;{}&#8221;]<ul>\n<li><strong>Design for Six Sigma<\/strong><\/li>\n<li><strong>Design Thinking<\/strong><\/li>\n<\/ul>[\/et_pb_blurb][\/et_pb_column][et_pb_column type=&#8221;1_4&#8243; _builder_version=&#8221;4.27.0&#8243; _module_preset=&#8221;default&#8221; global_colors_info=&#8221;{}&#8221;][et_pb_blurb title=&#8221;GERENCIAMENTO DE RESULTADOS&#8221; use_icon=&#8221;on&#8221; font_icon=&#8221;&#xf201;||fa||900&#8243; icon_color=&#8221;#FFFFFF&#8221; _builder_version=&#8221;4.27.0&#8243; _module_preset=&#8221;default&#8221; header_font=&#8221;|700|||||||&#8221; header_text_color=&#8221;#FFFFFF&#8221; body_text_color=&#8221;#FFFFFF&#8221; global_colors_info=&#8221;{}&#8221;]<ol>\n<ul>\n<li><strong>Planejamento Estrat\u00e9gico<\/strong><\/li>\n<li><strong>BPM (Business Process Management)<\/strong><\/li>\n<\/ul>\n<\/ol>[\/et_pb_blurb][\/et_pb_column][\/et_pb_row][et_pb_row column_structure=&#8221;1_4,1_2,1_4&#8243; _builder_version=&#8221;4.27.0&#8243; _module_preset=&#8221;default&#8221; custom_margin=&#8221;-1px|auto||auto||&#8221; global_colors_info=&#8221;{}&#8221;][et_pb_column type=&#8221;1_4&#8243; _builder_version=&#8221;4.27.0&#8243; _module_preset=&#8221;default&#8221; global_colors_info=&#8221;{}&#8221;][et_pb_divider show_divider=&#8221;off&#8221; _builder_version=&#8221;4.27.0&#8243; _module_preset=&#8221;default&#8221; global_colors_info=&#8221;{}&#8221;][\/et_pb_divider][\/et_pb_column][et_pb_column type=&#8221;1_2&#8243; _builder_version=&#8221;4.27.0&#8243; _module_preset=&#8221;default&#8221; global_colors_info=&#8221;{}&#8221;][et_pb_text _builder_version=&#8221;4.27.0&#8243; _module_preset=&#8221;default&#8221; text_text_color=&#8221;#FFFFFF&#8221; text_font_size=&#8221;16px&#8221; custom_padding=&#8221;||0px|||&#8221; global_colors_info=&#8221;{}&#8221;]<p><strong><span style=\"vertical-align: inherit;\"><span style=\"vertical-align: inherit;\"><span style=\"vertical-align: inherit;\"><span style=\"vertical-align: inherit;\"><span style=\"vertical-align: inherit;\"><span style=\"vertical-align: inherit;\">Benef\u00edcios de um Sistema de Excel\u00eancia<\/span><\/span><\/span><\/span><\/span><\/span><\/strong><\/p>\n<p><span style=\"vertical-align: inherit;\"><span style=\"vertical-align: inherit;\"><span style=\"vertical-align: inherit;\"><span style=\"vertical-align: inherit;\"><span style=\"vertical-align: inherit;\"><span style=\"vertical-align: inherit;\">Um Sistema de Excel\u00eancia (Excel\u00eancia com IA) bem implementado d\u00e1 sustenta\u00e7\u00e3o \u00e0s pr\u00e1ticas de excel\u00eancia da organiza\u00e7\u00e3o, permitindo avaliar e definir continuamente os passos seguintes para a evolu\u00e7\u00e3o sustent\u00e1vel. Ele orienta a utiliza\u00e7\u00e3o e integra\u00e7\u00e3o das ferramentas e metodologias, define objetivos claros, mede resultados e compara esses resultados com as metas e estrat\u00e9gias da Jornada para a Excel\u00eancia.<\/span><\/span><\/span><\/span><\/span><\/span><\/p>\n<p><strong><span style=\"vertical-align: inherit;\"><span style=\"vertical-align: inherit;\"><span style=\"vertical-align: inherit;\"><span style=\"vertical-align: inherit;\"><span style=\"vertical-align: inherit;\"><span style=\"vertical-align: inherit;\">Por que escolher a Xtrategies?<\/span><\/span><\/span><\/span><\/span><\/span><\/strong><\/p>\n<p><span style=\"vertical-align: inherit;\"><span style=\"vertical-align: inherit;\"><span style=\"vertical-align: inherit;\"><span style=\"vertical-align: inherit;\"><span style=\"vertical-align: inherit;\"><span style=\"vertical-align: inherit;\">Na Xtrategies, nosso compromisso \u00e9 fornecer uma abordagem personalizada e abrangente, adaptada \u00e0s necessidades espec\u00edficas de cada cliente. Nossa expertise em metodologias de excel\u00eancia, como Lean Six Sigma, Design Thinking, \u00c1gil, Gest\u00e3o Cl\u00e1ssica de Projetos e uso de IA, garantem uma implanta\u00e7\u00e3o eficiente com resultados duradouros e crescentes. Apoiamos a sua organiza\u00e7\u00e3o em cada etapa da jornada, desde a elabora\u00e7\u00e3o at\u00e9 a evolu\u00e7\u00e3o sustent\u00e1vel do Sistema de Excel\u00eancia.<\/span><\/span><\/span><\/span><\/span><\/span><\/p>[\/et_pb_text][\/et_pb_column][et_pb_column type=&#8221;1_4&#8243; _builder_version=&#8221;4.27.0&#8243; _module_preset=&#8221;default&#8221; global_colors_info=&#8221;{}&#8221;][et_pb_divider show_divider=&#8221;off&#8221; _builder_version=&#8221;4.27.0&#8243; _module_preset=&#8221;default&#8221; global_colors_info=&#8221;{}&#8221;][\/et_pb_divider][\/et_pb_column][\/et_pb_row][\/et_pb_section]\n","protected":false},"excerpt":{"rendered":"<p>IMPLANTA\u00c7\u00c3O &#8211; SISTEMA DE EXCEL\u00caNCIANa Xtrategies, oferecemos suporte completo aos nossos clientes durante todo o processo de implanta\u00e7\u00e3o de um Sistema de Excel\u00eancia, que incorpora e expande o uso de IA com metodologias integradas. Nosso objetivo \u00e9 ajudar as organiza\u00e7\u00f5es a integrarem ferramentas, metodologias e filosofias de excel\u00eancia, orientando sobre o que, quando e como [&hellip;]<\/p>\n","protected":false},"author":1,"featured_media":0,"parent":0,"menu_order":0,"comment_status":"closed","ping_status":"closed","template":"","meta":{"_et_pb_use_builder":"on","_et_pb_old_content":"<!-- wp:divi\/placeholder \/-->","_et_gb_content_width":"","footnotes":""},"class_list":["post-72","page","type-page","status-publish","hentry"],"_links":{"self":[{"href":"https:\/\/xtrategies.com.br\/index.php?rest_route=\/wp\/v2\/pages\/72"}],"collection":[{"href":"https:\/\/xtrategies.com.br\/index.php?rest_route=\/wp\/v2\/pages"}],"about":[{"href":"https:\/\/xtrategies.com.br\/index.php?rest_route=\/wp\/v2\/types\/page"}],"author":[{"embeddable":true,"href":"https:\/\/xtrategies.com.br\/index.php?rest_route=\/wp\/v2\/users\/1"}],"replies":[{"embeddable":true,"href":"https:\/\/xtrategies.com.br\/index.php?rest_route=%2Fwp%2Fv2%2Fcomments&post=72"}],"version-history":[{"count":8,"href":"https:\/\/xtrategies.com.br\/index.php?rest_route=\/wp\/v2\/pages\/72\/revisions"}],"predecessor-version":[{"id":246,"href":"https:\/\/xtrategies.com.br\/index.php?rest_route=\/wp\/v2\/pages\/72\/revisions\/246"}],"wp:attachment":[{"href":"https:\/\/xtrategies.com.br\/index.php?rest_route=%2Fwp%2Fv2%2Fmedia&parent=72"}],"curies":[{"name":"wp","href":"https:\/\/api.w.org\/{rel}","templated":true}]}}