{"id":69,"date":"2024-09-11T17:17:54","date_gmt":"2024-09-11T20:17:54","guid":{"rendered":"https:\/\/xtrategies.com.br\/?page_id=69"},"modified":"2025-08-07T10:51:42","modified_gmt":"2025-08-07T13:51:42","slug":"implantacao-lean-six-sigma","status":"publish","type":"page","link":"https:\/\/xtrategies.com.br\/?page_id=69","title":{"rendered":"Implanta\u00e7\u00e3o Lean Six Sigma"},"content":{"rendered":"\n[et_pb_section fb_built=&#8221;1&#8243; _builder_version=&#8221;4.27.0&#8243; _module_preset=&#8221;default&#8221; custom_padding=&#8221;2px||0px|||&#8221; global_colors_info=&#8221;{}&#8221;][et_pb_row _builder_version=&#8221;4.27.0&#8243; _module_preset=&#8221;default&#8221; custom_padding=&#8221;10px|||||&#8221; global_colors_info=&#8221;{}&#8221;][et_pb_column type=&#8221;4_4&#8243; _builder_version=&#8221;4.27.0&#8243; _module_preset=&#8221;default&#8221; global_colors_info=&#8221;{}&#8221;][et_pb_menu active_link_color=&#8221;#770707&#8243; dropdown_menu_bg_color=&#8221;rgba(150,0,0,0.47)&#8221; dropdown_menu_text_color=&#8221;#FFFFFF&#8221; dropdown_menu_active_link_color=&#8221;#EDF000&#8243; mobile_menu_bg_color=&#8221;rgba(137,13,13,0.54)&#8221; mobile_menu_text_color=&#8221;#FFFFFF&#8221; logo=&#8221;http:\/\/xtrategies.com.br\/wp-content\/uploads\/2024\/09\/logotipo-xtrategies.png&#8221; logo_url=&#8221;https:\/\/xtrategies.com.br\/&#8221; logo_width=&#8221;19%&#8221; logo_width_tablet=&#8221;19%&#8221; logo_width_phone=&#8221;40%&#8221; logo_width_last_edited=&#8221;on|phone&#8221; _builder_version=&#8221;4.27.0&#8243; _module_preset=&#8221;default&#8221; menu_font=&#8221;|700|||||||&#8221; menu_text_color=&#8221;#a30101&#8243; custom_margin=&#8221;||-9px|||&#8221; global_colors_info=&#8221;{}&#8221;][\/et_pb_menu][\/et_pb_column][\/et_pb_row][\/et_pb_section][et_pb_section fb_built=&#8221;1&#8243; admin_label=&#8221;Header&#8221; _builder_version=&#8221;4.27.0&#8243; _module_preset=&#8221;default&#8221; use_background_color_gradient=&#8221;on&#8221; background_color_gradient_stops=&#8221;rgba(226,45,87,0.33) 0%|#54000c 100%&#8221; background_color_gradient_overlays_image=&#8221;on&#8221; background_image=&#8221;http:\/\/xtrategies.com.br\/wp-content\/uploads\/2024\/09\/front-view-business-people-meeting-scaled.jpg&#8221; background_enable_video_mp4=&#8221;off&#8221; custom_margin=&#8221;||-25px|||&#8221; custom_padding=&#8221;3vw||3vw||true|false&#8221; locked=&#8221;off&#8221; collapsed=&#8221;on&#8221; global_colors_info=&#8221;{%22gcid-9fa4a1b6-767d-41ca-984c-a6f10449c843%22:%91%22background_color_gradient_stops%22%93}&#8221;][et_pb_row _builder_version=&#8221;4.20.0&#8243; _module_preset=&#8221;default&#8221; max_width=&#8221;800px&#8221; global_colors_info=&#8221;{}&#8221;][et_pb_column type=&#8221;4_4&#8243; _builder_version=&#8221;4.20.0&#8243; _module_preset=&#8221;default&#8221; global_colors_info=&#8221;{}&#8221;][et_pb_text _builder_version=&#8221;4.27.0&#8243; _module_preset=&#8221;3c95f55d-b39d-4409-9e6d-ac2f085555fa&#8221; text_font=&#8221;Roboto Condensed||||||||&#8221; text_font_size=&#8221;8px&#8221; header_font=&#8221;Roboto Condensed|||on|||||&#8221; header_text_color=&#8221;#FFFFFF&#8221; text_orientation=&#8221;center&#8221; custom_margin=&#8221;86px|||||&#8221; custom_padding=&#8221;||0px|||&#8221; global_colors_info=&#8221;{}&#8221;]<h1>IMPLANTA\u00c7\u00c3O<\/h1>[\/et_pb_text][\/et_pb_column][\/et_pb_row][\/et_pb_section][et_pb_section fb_built=&#8221;1&#8243; admin_label=&#8221;Services&#8221; _builder_version=&#8221;4.27.0&#8243; _module_preset=&#8221;default&#8221; background_color=&#8221;#6d0414&#8243; custom_margin=&#8221;23px|||||&#8221; custom_padding=&#8221;2px||2px|||&#8221; collapsed=&#8221;on&#8221; global_colors_info=&#8221;{}&#8221;][et_pb_row column_structure=&#8221;1_4,1_2,1_4&#8243; _builder_version=&#8221;4.27.0&#8243; _module_preset=&#8221;default&#8221; custom_margin=&#8221;-1px|auto||auto||&#8221; global_colors_info=&#8221;{}&#8221;][et_pb_column type=&#8221;1_4&#8243; _builder_version=&#8221;4.27.0&#8243; _module_preset=&#8221;default&#8221; global_colors_info=&#8221;{}&#8221;][et_pb_divider show_divider=&#8221;off&#8221; _builder_version=&#8221;4.27.0&#8243; _module_preset=&#8221;default&#8221; global_colors_info=&#8221;{}&#8221;][\/et_pb_divider][\/et_pb_column][et_pb_column type=&#8221;1_2&#8243; _builder_version=&#8221;4.27.0&#8243; _module_preset=&#8221;default&#8221; global_colors_info=&#8221;{}&#8221;][et_pb_text _builder_version=&#8221;4.27.0&#8243; _module_preset=&#8221;default&#8221; text_text_color=&#8221;#FFFFFF&#8221; text_font_size=&#8221;16px&#8221; custom_padding=&#8221;||0px|||&#8221; global_colors_info=&#8221;{}&#8221;]<p><span style=\"vertical-align: inherit;\"><span style=\"vertical-align: inherit;\"><span style=\"vertical-align: inherit;\"><span style=\"vertical-align: inherit;\"><span style=\"vertical-align: inherit;\"><span style=\"vertical-align: inherit;\">Na Xtrategies, entendemos que cada organiza\u00e7\u00e3o tem um cen\u00e1rio \u00fanico quando se trata de implantar o Lean Six Sigma. Algumas empresas j\u00e1 podem ter experi\u00eancia com ferramentas e filosofias de melhoria como 5S, Kaizen, Lean ou Six Sigma, enquanto outras podem estar iniciando essa jornada. Nosso objetivo \u00e9 ajudar nossos clientes a realizar uma implanta\u00e7\u00e3o sustent\u00e1vel e bem sucedida do Lean Six Sigma, adaptada \u00e0s particularidades de cada organiza\u00e7\u00e3o.<\/span><\/span><\/span><\/span><\/span><\/span><\/p>\n<p><strong><span style=\"vertical-align: inherit;\"><span style=\"vertical-align: inherit;\"><span style=\"vertical-align: inherit;\"><span style=\"vertical-align: inherit;\"><span style=\"vertical-align: inherit;\"><span style=\"vertical-align: inherit;\">Benef\u00edcios da Metodologia \u00c1gil<\/span><\/span><\/span><\/span><\/span><\/span><\/strong><\/p>\n<p><span style=\"vertical-align: inherit;\"><span style=\"vertical-align: inherit;\"><span style=\"vertical-align: inherit;\"><span style=\"vertical-align: inherit;\"><span style=\"vertical-align: inherit;\"><span style=\"vertical-align: inherit;\">Integrar conceitos \u00e1geis ao Lean Six Sigma permite uma adapta\u00e7\u00e3o mais r\u00e1pida \u00e0s mudan\u00e7as, maior colabora\u00e7\u00e3o entre equipes e uma entrega cont\u00ednua de valor. Nossa abordagem \u00e1gil garante que a implanta\u00e7\u00e3o seja flex\u00edvel e responsiva \u00e0s necessidades din\u00e2micas do mercado e da organiza\u00e7\u00e3o.<\/span><\/span><\/span><\/span><\/span><\/span><\/p>\n<p>\u00a0<strong><span style=\"vertical-align: inherit;\"><span style=\"vertical-align: inherit;\"><span style=\"vertical-align: inherit;\"><span style=\"vertical-align: inherit;\"><span style=\"vertical-align: inherit;\"><span style=\"vertical-align: inherit;\">Benef\u00edcios da integra\u00e7\u00e3o com IA<\/span><\/span><\/span><\/span><\/span><\/span><\/strong><\/p>\n<p><span style=\"vertical-align: inherit;\"><span style=\"vertical-align: inherit;\"><span style=\"vertical-align: inherit;\"><span style=\"vertical-align: inherit;\">Com IA as an\u00e1lises estat\u00edsticas ganham escala e insights; os projetos \u00e1geis ganham previsibilidade, antecipa\u00e7\u00e3o de resultados e a\u00e7\u00f5es; as <\/span><\/span><\/span><\/span><span style=\"vertical-align: inherit;\"><span style=\"vertical-align: inherit;\"><span style=\"vertical-align: inherit;\"><span style=\"vertical-align: inherit;\">solu\u00e7\u00f5es de design tornam-se focadas em dados reais e vis\u00e3o amplificada.<\/span><\/span><\/span><\/span><\/p>\n<p><span style=\"vertical-align: inherit;\"><span style=\"vertical-align: inherit;\"><span style=\"vertical-align: inherit;\"><span style=\"vertical-align: inherit;\">N\u00e3o \u00e9 IA contra as metodologias ou mesmo sem elas. \u00c9 IA com as metodologias. A <\/span><\/span><\/span><\/span><span style=\"vertical-align: inherit;\"><span style=\"vertical-align: inherit;\"><span style=\"vertical-align: inherit;\"><span style=\"vertical-align: inherit;\">Efetividade nasce dessa integra\u00e7\u00e3o. Integra\u00e7\u00e3o de IA com metodologias, as quais tamb\u00e9m est\u00e3o integradas.<\/span><\/span><\/span><\/span><\/p>\n<p>\u00a0<strong><span style=\"vertical-align: inherit;\"><span style=\"vertical-align: inherit;\"><span style=\"vertical-align: inherit;\"><span style=\"vertical-align: inherit;\"><span style=\"vertical-align: inherit;\"><span style=\"vertical-align: inherit;\">Por que escolher a Xtrategies?<\/span><\/span><\/span><\/span><\/span><\/span><\/strong><\/p>\n<p><span style=\"vertical-align: inherit;\"><span style=\"vertical-align: inherit;\"><span style=\"vertical-align: inherit;\"><span style=\"vertical-align: inherit;\"><span style=\"vertical-align: inherit;\"><span style=\"vertical-align: inherit;\">Com nossa expertise em Lean Six Sigma e metodologias \u00e1geis, a Xtrategies est\u00e1 preparada para apoiar sua organiza\u00e7\u00e3o em cada etapa da jornada para a excel\u00eancia. Nosso compromisso \u00e9 fornecer uma implanta\u00e7\u00e3o eficiente, adaptada \u00e0s suas necessidades espec\u00edficas, e garantir resultados tang\u00edveis e duradouros.<\/span><\/span><\/span><\/span><\/span><\/span><\/p>\n<p><strong><span style=\"vertical-align: inherit;\"><span style=\"vertical-align: inherit;\"><span style=\"vertical-align: inherit;\"><span style=\"vertical-align: inherit;\"><span style=\"vertical-align: inherit;\"><span style=\"vertical-align: inherit;\">Suporte Completo na Implanta\u00e7\u00e3o<\/span><\/span><\/span><\/span><\/span><\/span><\/strong><\/p>\n<p><span style=\"vertical-align: inherit;\"><span style=\"vertical-align: inherit;\"><span style=\"vertical-align: inherit;\"><span style=\"vertical-align: inherit;\"><span style=\"vertical-align: inherit;\"><span style=\"vertical-align: inherit;\">Oferecemos suporte abrangente em todo o processo de implanta\u00e7\u00e3o de um sistema de melhoria Lean Six Sigma, desde a avalia\u00e7\u00e3o inicial at\u00e9 a execu\u00e7\u00e3o e evolu\u00e7\u00e3o cont\u00ednua. Nossa abordagem considera os seguintes aspectos:<\/span><\/span><\/span><\/span><\/span><\/span><\/p>[\/et_pb_text][\/et_pb_column][et_pb_column type=&#8221;1_4&#8243; _builder_version=&#8221;4.27.0&#8243; _module_preset=&#8221;default&#8221; global_colors_info=&#8221;{}&#8221;][et_pb_divider show_divider=&#8221;off&#8221; _builder_version=&#8221;4.27.0&#8243; _module_preset=&#8221;default&#8221; global_colors_info=&#8221;{}&#8221;][\/et_pb_divider][\/et_pb_column][\/et_pb_row][et_pb_row column_structure=&#8221;1_4,1_4,1_4,1_4&#8243; _builder_version=&#8221;4.27.0&#8243; _module_preset=&#8221;default&#8221; global_colors_info=&#8221;{}&#8221;][et_pb_column type=&#8221;1_4&#8243; _builder_version=&#8221;4.27.0&#8243; _module_preset=&#8221;default&#8221; global_colors_info=&#8221;{}&#8221;][et_pb_blurb title=&#8221;ELABORA\u00c7\u00c3O DO PLANO&#8221; use_icon=&#8221;on&#8221; font_icon=&#8221;&#x68;||divi||400&#8243; icon_color=&#8221;#FFFFFF&#8221; _builder_version=&#8221;4.27.0&#8243; _module_preset=&#8221;default&#8221; header_font=&#8221;|700|||||||&#8221; header_text_color=&#8221;#FFFFFF&#8221; body_text_color=&#8221;#FFFFFF&#8221; global_colors_info=&#8221;{}&#8221;]<ol>\n<ul>\n<li><strong>Sele\u00e7\u00e3o de \u00e1reas foco:<\/strong> Identificamos as \u00e1reas que podem se beneficiar mais com a implementa\u00e7\u00e3o do Lean Six Sigma.<\/li>\n<li><strong>Defini\u00e7\u00e3o da Estrat\u00e9gia:<\/strong> Criamos uma estrat\u00e9gia de implanta\u00e7\u00e3o personalizada, levando em conta o cen\u00e1rio espec\u00edfico de cada organiza\u00e7\u00e3o.<\/li>\n<li><strong>Sele\u00e7\u00e3o de Indicadores:<\/strong> Definimos os indicadores chave de desempenho (KPIs) para monitorar o progresso e o sucesso da implanta\u00e7\u00e3o.<\/li>\n<li><strong>Plano formato 5W2H:<\/strong> Desenvolvemos um plano detalhado utilizando a metodologia 5W2H para assegurar clareza e objetividade.<\/li>\n<\/ul>\n<\/ol>[\/et_pb_blurb][\/et_pb_column][et_pb_column type=&#8221;1_4&#8243; _builder_version=&#8221;4.27.0&#8243; _module_preset=&#8221;default&#8221; global_colors_info=&#8221;{}&#8221;][et_pb_blurb title=&#8221;EXECU\u00c7\u00c3O DO PLANO&#8221; use_icon=&#8221;on&#8221; font_icon=&#8221;&#xe00a;||divi||400&#8243; icon_color=&#8221;#FFFFFF&#8221; _builder_version=&#8221;4.27.0&#8243; _module_preset=&#8221;default&#8221; header_font=&#8221;|700|||||||&#8221; header_text_color=&#8221;#FFFFFF&#8221; body_text_color=&#8221;#FFFFFF&#8221; global_colors_info=&#8221;{}&#8221;]<ol>\n<ul>\n<li><strong>Treinamento:<\/strong> Fornecemos treinamento customizado para capacitar a equipe nos princ\u00edpios e pr\u00e1ticas do Lean Six Sigma.<\/li>\n<li><strong>Acompanhamento de projetos:<\/strong> Suportamos a execu\u00e7\u00e3o dos projetos, garantindo que as metodologias sejam aplicadas corretamente.<\/li>\n<li><strong>Acompanhamento de execu\u00e7\u00e3o:<\/strong> Monitoramos a implanta\u00e7\u00e3o para assegurar que os objetivos sejam alcan\u00e7ados conforme o planejado.<\/li>\n<\/ul>\n<\/ol>[\/et_pb_blurb][\/et_pb_column][et_pb_column type=&#8221;1_4&#8243; _builder_version=&#8221;4.27.0&#8243; _module_preset=&#8221;default&#8221; global_colors_info=&#8221;{}&#8221;][et_pb_blurb title=&#8221;DIAGN\u00d3STICO DE EVOLU\u00c7\u00c3O&#8221; use_icon=&#8221;on&#8221; font_icon=&#8221;&#x55;||divi||400&#8243; icon_color=&#8221;#FFFFFF&#8221; _builder_version=&#8221;4.27.0&#8243; _module_preset=&#8221;default&#8221; header_font=&#8221;|700|||||||&#8221; header_text_color=&#8221;#FFFFFF&#8221; body_text_color=&#8221;#FFFFFF&#8221; global_colors_info=&#8221;{}&#8221;]<ol>\n<ul>\n<li><strong>Elabora\u00e7\u00e3o de Plano de Diagn\u00f3stico:<\/strong> Desenvolvemos um plano de avalia\u00e7\u00e3o para medir a evolu\u00e7\u00e3o do sistema de melhoria.<\/li>\n<li><strong>Execu\u00e7\u00e3o da Avalia\u00e7\u00e3o \/ Diagn\u00f3stico:<\/strong> Realizamos avalia\u00e7\u00f5es peri\u00f3dicas para identificar progresso e \u00e1reas de melhoria.<\/li>\n<\/ul>\n<\/ol>[\/et_pb_blurb][\/et_pb_column][et_pb_column type=&#8221;1_4&#8243; _builder_version=&#8221;4.27.0&#8243; _module_preset=&#8221;default&#8221; global_colors_info=&#8221;{}&#8221;][et_pb_blurb title=&#8221;EVOLU\u00c7\u00c3O SUSTENT\u00c1VEL&#8221; use_icon=&#8221;on&#8221; font_icon=&#8221;&#xf201;||fa||900&#8243; icon_color=&#8221;#FFFFFF&#8221; _builder_version=&#8221;4.27.0&#8243; _module_preset=&#8221;default&#8221; header_font=&#8221;|700|||||||&#8221; header_text_color=&#8221;#FFFFFF&#8221; body_text_color=&#8221;#FFFFFF&#8221; global_colors_info=&#8221;{}&#8221;]<ol>\n<ul>\n<li><strong>Revis\u00e3o do Plano:<\/strong> Atualizamos e ajustamos o plano conforme necess\u00e1rio para garantir a evolu\u00e7\u00e3o cont\u00ednua e sustent\u00e1vel.<\/li>\n<\/ul>\n<\/ol>[\/et_pb_blurb][\/et_pb_column][\/et_pb_row][\/et_pb_section]\n","protected":false},"excerpt":{"rendered":"<p>IMPLANTA\u00c7\u00c3ONa Xtrategies, entendemos que cada organiza\u00e7\u00e3o tem um cen\u00e1rio \u00fanico quando se trata de implantar o Lean Six Sigma. Algumas empresas j\u00e1 podem ter experi\u00eancia com ferramentas e filosofias de melhoria como 5S, Kaizen, Lean ou Six Sigma, enquanto outras podem estar iniciando essa jornada. Nosso objetivo \u00e9 ajudar nossos clientes a realizar uma implanta\u00e7\u00e3o [&hellip;]<\/p>\n","protected":false},"author":1,"featured_media":0,"parent":0,"menu_order":0,"comment_status":"closed","ping_status":"closed","template":"page-template-blank.php","meta":{"_et_pb_use_builder":"on","_et_pb_old_content":"<!-- wp:divi\/placeholder \/-->","_et_gb_content_width":"","footnotes":""},"class_list":["post-69","page","type-page","status-publish","hentry"],"_links":{"self":[{"href":"https:\/\/xtrategies.com.br\/index.php?rest_route=\/wp\/v2\/pages\/69"}],"collection":[{"href":"https:\/\/xtrategies.com.br\/index.php?rest_route=\/wp\/v2\/pages"}],"about":[{"href":"https:\/\/xtrategies.com.br\/index.php?rest_route=\/wp\/v2\/types\/page"}],"author":[{"embeddable":true,"href":"https:\/\/xtrategies.com.br\/index.php?rest_route=\/wp\/v2\/users\/1"}],"replies":[{"embeddable":true,"href":"https:\/\/xtrategies.com.br\/index.php?rest_route=%2Fwp%2Fv2%2Fcomments&post=69"}],"version-history":[{"count":9,"href":"https:\/\/xtrategies.com.br\/index.php?rest_route=\/wp\/v2\/pages\/69\/revisions"}],"predecessor-version":[{"id":244,"href":"https:\/\/xtrategies.com.br\/index.php?rest_route=\/wp\/v2\/pages\/69\/revisions\/244"}],"wp:attachment":[{"href":"https:\/\/xtrategies.com.br\/index.php?rest_route=%2Fwp%2Fv2%2Fmedia&parent=69"}],"curies":[{"name":"wp","href":"https:\/\/api.w.org\/{rel}","templated":true}]}}