{"id":66,"date":"2024-09-11T17:17:37","date_gmt":"2024-09-11T20:17:37","guid":{"rendered":"https:\/\/xtrategies.com.br\/?page_id=66"},"modified":"2025-07-24T12:20:08","modified_gmt":"2025-07-24T15:20:08","slug":"capacitacao","status":"publish","type":"page","link":"https:\/\/xtrategies.com.br\/?page_id=66","title":{"rendered":"Capacita\u00e7\u00e3o"},"content":{"rendered":"\n[et_pb_section fb_built=&#8221;1&#8243; _builder_version=&#8221;4.27.0&#8243; _module_preset=&#8221;default&#8221; custom_padding=&#8221;2px||0px|||&#8221; global_colors_info=&#8221;{}&#8221;][et_pb_row _builder_version=&#8221;4.27.0&#8243; _module_preset=&#8221;default&#8221; custom_padding=&#8221;10px|||||&#8221; global_colors_info=&#8221;{}&#8221;][et_pb_column type=&#8221;4_4&#8243; _builder_version=&#8221;4.27.0&#8243; _module_preset=&#8221;default&#8221; global_colors_info=&#8221;{}&#8221;][et_pb_menu active_link_color=&#8221;#770707&#8243; dropdown_menu_bg_color=&#8221;rgba(150,0,0,0.47)&#8221; dropdown_menu_text_color=&#8221;#FFFFFF&#8221; dropdown_menu_active_link_color=&#8221;#EDF000&#8243; mobile_menu_bg_color=&#8221;rgba(137,13,13,0.54)&#8221; mobile_menu_text_color=&#8221;#FFFFFF&#8221; logo=&#8221;http:\/\/xtrategies.com.br\/wp-content\/uploads\/2024\/09\/logotipo-xtrategies.png&#8221; logo_url=&#8221;https:\/\/xtrategies.com.br\/&#8221; logo_width=&#8221;19%&#8221; logo_width_tablet=&#8221;19%&#8221; logo_width_phone=&#8221;40%&#8221; logo_width_last_edited=&#8221;on|phone&#8221; _builder_version=&#8221;4.27.0&#8243; _module_preset=&#8221;default&#8221; menu_font=&#8221;|700|||||||&#8221; menu_text_color=&#8221;#a30101&#8243; custom_margin=&#8221;||-9px|||&#8221; global_colors_info=&#8221;{}&#8221;][\/et_pb_menu][\/et_pb_column][\/et_pb_row][\/et_pb_section][et_pb_section fb_built=&#8221;1&#8243; admin_label=&#8221;Header&#8221; _builder_version=&#8221;4.27.0&#8243; _module_preset=&#8221;default&#8221; use_background_color_gradient=&#8221;on&#8221; background_color_gradient_stops=&#8221;rgba(226,45,87,0.33) 0%|#54000c 100%&#8221; background_color_gradient_overlays_image=&#8221;on&#8221; background_image=&#8221;http:\/\/xtrategies.com.br\/wp-content\/uploads\/2024\/09\/medium-shot-female-economist-working-laptop-scaled.jpg&#8221; background_enable_video_mp4=&#8221;off&#8221; custom_margin=&#8221;||-25px|||&#8221; custom_padding=&#8221;3vw||3vw||true|false&#8221; locked=&#8221;off&#8221; collapsed=&#8221;on&#8221; global_colors_info=&#8221;{%22gcid-9fa4a1b6-767d-41ca-984c-a6f10449c843%22:%91%22background_color_gradient_stops%22%93}&#8221;][et_pb_row _builder_version=&#8221;4.20.0&#8243; _module_preset=&#8221;default&#8221; max_width=&#8221;800px&#8221; global_colors_info=&#8221;{}&#8221;][et_pb_column type=&#8221;4_4&#8243; _builder_version=&#8221;4.20.0&#8243; _module_preset=&#8221;default&#8221; global_colors_info=&#8221;{}&#8221;][et_pb_text _builder_version=&#8221;4.27.0&#8243; _module_preset=&#8221;3c95f55d-b39d-4409-9e6d-ac2f085555fa&#8221; text_font=&#8221;Roboto Condensed||||||||&#8221; text_font_size=&#8221;8px&#8221; header_font=&#8221;Roboto Condensed|||on|||||&#8221; header_text_color=&#8221;#FFFFFF&#8221; text_orientation=&#8221;center&#8221; custom_margin=&#8221;86px|||||&#8221; custom_padding=&#8221;||0px|||&#8221; global_colors_info=&#8221;{}&#8221;]<h1>CAPACITA\u00c7\u00c3O EM LEAN SIX SIGMA &#8211; \u00c1GIL<\/h1>[\/et_pb_text][\/et_pb_column][\/et_pb_row][\/et_pb_section][et_pb_section fb_built=&#8221;1&#8243; admin_label=&#8221;Services&#8221; _builder_version=&#8221;4.27.0&#8243; _module_preset=&#8221;default&#8221; background_color=&#8221;#6d0414&#8243; custom_margin=&#8221;23px|||||&#8221; custom_padding=&#8221;2px||2px|||&#8221; collapsed=&#8221;on&#8221; global_colors_info=&#8221;{}&#8221;][et_pb_row column_structure=&#8221;1_4,1_2,1_4&#8243; _builder_version=&#8221;4.27.0&#8243; _module_preset=&#8221;default&#8221; custom_margin=&#8221;-1px|auto||auto||&#8221; global_colors_info=&#8221;{}&#8221;][et_pb_column type=&#8221;1_4&#8243; _builder_version=&#8221;4.27.0&#8243; _module_preset=&#8221;default&#8221; global_colors_info=&#8221;{}&#8221;][et_pb_divider show_divider=&#8221;off&#8221; _builder_version=&#8221;4.27.0&#8243; _module_preset=&#8221;default&#8221; global_colors_info=&#8221;{}&#8221;][\/et_pb_divider][\/et_pb_column][et_pb_column type=&#8221;1_2&#8243; _builder_version=&#8221;4.27.0&#8243; _module_preset=&#8221;default&#8221; global_colors_info=&#8221;{}&#8221;][et_pb_text _builder_version=&#8221;4.27.0&#8243; _module_preset=&#8221;default&#8221; text_text_color=&#8221;#FFFFFF&#8221; text_font_size=&#8221;16px&#8221; custom_padding=&#8221;||0px|||&#8221; global_colors_info=&#8221;{}&#8221;]<p><span style=\"vertical-align: inherit;\"><span style=\"vertical-align: inherit;\">Na Xtrategies, afirmamos que o sucesso sustent\u00e1vel de um programa Lean Six Sigma depende da forma\u00e7\u00e3o adequada dos l\u00edderes e dos membros da equipe. Para isso, oferecemos um robusto programa de capacita\u00e7\u00e3o, combinando Lean Six Sigma com metodologias \u00e1geis e utiliza\u00e7\u00e3o de IA de forma robusta, para garantir uma condu\u00e7\u00e3o eficiente e eficaz dos projetos.<\/span><\/span><\/p>\n<p><strong><span style=\"vertical-align: inherit;\"><span style=\"vertical-align: inherit;\">Por que escolher uma Xtrategies?<\/span><\/span><\/strong><\/p>\n<p><span style=\"vertical-align: inherit;\"><span style=\"vertical-align: inherit;\">Nosso compromisso \u00e9 fornecer uma capacita\u00e7\u00e3o completa e adaptada \u00e0s necessidades espec\u00edficas de cada cliente, garantindo a aplica\u00e7\u00e3o eficaz das metodologias Lean Six Sigma em um ambiente \u00e1gil e potencializado com IA. Com nossos treinamentos e suporte cont\u00ednuo, ajudamos sua organiza\u00e7\u00e3o a alcan\u00e7ar resultados especializados e duradouros.<\/span><\/span><\/p>[\/et_pb_text][\/et_pb_column][et_pb_column type=&#8221;1_4&#8243; _builder_version=&#8221;4.27.0&#8243; _module_preset=&#8221;default&#8221; global_colors_info=&#8221;{}&#8221;][et_pb_divider show_divider=&#8221;off&#8221; _builder_version=&#8221;4.27.0&#8243; _module_preset=&#8221;default&#8221; global_colors_info=&#8221;{}&#8221;][\/et_pb_divider][\/et_pb_column][\/et_pb_row][et_pb_row column_structure=&#8221;1_4,1_4,1_4,1_4&#8243; _builder_version=&#8221;4.27.0&#8243; _module_preset=&#8221;default&#8221; global_colors_info=&#8221;{}&#8221;][et_pb_column type=&#8221;1_4&#8243; _builder_version=&#8221;4.27.0&#8243; _module_preset=&#8221;default&#8221; global_colors_info=&#8221;{}&#8221;][et_pb_blurb title=&#8221;FORMA\u00c7\u00c3O DE CHAMPIONS E BELTS&#8221; use_icon=&#8221;on&#8221; font_icon=&#8221;&#xe007;||divi||400&#8243; icon_color=&#8221;#FFFFFF&#8221; _builder_version=&#8221;4.27.0&#8243; _module_preset=&#8221;default&#8221; header_font=&#8221;|700|||||||&#8221; header_text_color=&#8221;#FFFFFF&#8221; body_text_color=&#8221;#FFFFFF&#8221; global_colors_info=&#8221;{}&#8221;]<p>Formamos os l\u00edderes da organiza\u00e7\u00e3o como Champions, capacitando-os para guiar e apoiar as iniciativas de melhoria. Para aqueles que conduzir\u00e3o ou participar\u00e3o de projetos, oferecemos a forma\u00e7\u00e3o como Belts, com treinamentos voltados tanto para o m\u00e9todo DMAIC quanto para o DFSS. Nossos programas incluem:<\/p>\n<ul>\n<li><strong>DMAIC<\/strong><\/li>\n<ul>\n<li>Black Belt<\/li>\n<li>Green Belt<\/li>\n<li>White Belt<\/li>\n<\/ul>\n<li><strong>DFSS<\/strong><\/li>\n<ul>\n<li>Black Belt<\/li>\n<li>Green Belt<\/li>\n<\/ul>\n<\/ul>[\/et_pb_blurb][\/et_pb_column][et_pb_column type=&#8221;1_4&#8243; _builder_version=&#8221;4.27.0&#8243; _module_preset=&#8221;default&#8221; global_colors_info=&#8221;{}&#8221;][et_pb_blurb title=&#8221;TREINAMENTO PERSONALIZADO E SUPORTE \u00c1GIL&#8221; use_icon=&#8221;on&#8221; font_icon=&#8221;&#xe107;||divi||400&#8243; icon_color=&#8221;#FFFFFF&#8221; _builder_version=&#8221;4.27.0&#8243; _module_preset=&#8221;default&#8221; header_font=&#8221;|700|||||||&#8221; header_text_color=&#8221;#FFFFFF&#8221; body_text_color=&#8221;#FFFFFF&#8221; global_colors_info=&#8221;{}&#8221;]<p>Oferecemos treinamentos com material did\u00e1tico customizado, adaptado \u00e0 realidade do cliente, garantindo uma aplica\u00e7\u00e3o pr\u00e1tica e relevante das metodologias Lean Six Sigma. Al\u00e9m do treinamento, proporcionamos suporte cont\u00ednuo para a sele\u00e7\u00e3o e condu\u00e7\u00e3o \u00e1gil dos projetos, atrav\u00e9s de workshops espec\u00edficos e coaching dos projetos.<\/p>[\/et_pb_blurb][\/et_pb_column][et_pb_column type=&#8221;1_4&#8243; _builder_version=&#8221;4.27.0&#8243; _module_preset=&#8221;default&#8221; global_colors_info=&#8221;{}&#8221;][et_pb_blurb title=&#8221;WORKSHOPS DE SUPORTE&#8221; use_icon=&#8221;on&#8221; font_icon=&#8221;&#xe0e9;||divi||400&#8243; icon_color=&#8221;#FFFFFF&#8221; _builder_version=&#8221;4.27.0&#8243; _module_preset=&#8221;default&#8221; header_font=&#8221;|700|||||||&#8221; header_text_color=&#8221;#FFFFFF&#8221; body_text_color=&#8221;#FFFFFF&#8221; global_colors_info=&#8221;{}&#8221;]<ul>\n<li><strong>Workshop de Identifica\u00e7\u00e3o e Sele\u00e7\u00e3o de Projetos:<\/strong> Ajudamos na identifica\u00e7\u00e3o de projetos que geram maior valor e alinhamento com os objetivos estrat\u00e9gicos da organiza\u00e7\u00e3o.<\/li>\n<li><strong>Workshop Canvas e Identifica\u00e7\u00e3o de Metodologias:<\/strong> Utilizamos ferramentas visuais e \u00e1geis para mapear projetos e escolher as metodologias mais adequadas para cada caso.<\/li>\n<\/ul>[\/et_pb_blurb][\/et_pb_column][et_pb_column type=&#8221;1_4&#8243; _builder_version=&#8221;4.27.0&#8243; _module_preset=&#8221;default&#8221; global_colors_info=&#8221;{}&#8221;][et_pb_blurb title=&#8221;CHAMPIONS&#8221; use_icon=&#8221;on&#8221; font_icon=&#8221;&#xe08a;||divi||400&#8243; icon_color=&#8221;#FFFFFF&#8221; _builder_version=&#8221;4.27.0&#8243; _module_preset=&#8221;default&#8221; header_font=&#8221;|700|||||||&#8221; header_text_color=&#8221;#FFFFFF&#8221; body_text_color=&#8221;#FFFFFF&#8221; global_colors_info=&#8221;{}&#8221;]<p>Capacitamos os l\u00edderes para que compreendam e apliquem os princ\u00edpios do Lean Six Sigma em um contexto \u00e1gil, preparando-os para liderar iniciativas de melhoria cont\u00ednua e inova\u00e7\u00e3o dentro da organiza\u00e7\u00e3o.<\/p>[\/et_pb_blurb][\/et_pb_column][\/et_pb_row][\/et_pb_section]\n","protected":false},"excerpt":{"rendered":"<p>CAPACITA\u00c7\u00c3O EM LEAN SIX SIGMA &#8211; \u00c1GILNa Xtrategies, afirmamos que o sucesso sustent\u00e1vel de um programa Lean Six Sigma depende da forma\u00e7\u00e3o adequada dos l\u00edderes e dos membros da equipe. Para isso, oferecemos um robusto programa de capacita\u00e7\u00e3o, combinando Lean Six Sigma com metodologias \u00e1geis e utiliza\u00e7\u00e3o de IA de forma robusta, para garantir uma [&hellip;]<\/p>\n","protected":false},"author":1,"featured_media":0,"parent":0,"menu_order":0,"comment_status":"closed","ping_status":"closed","template":"page-template-blank.php","meta":{"_et_pb_use_builder":"on","_et_pb_old_content":"<!-- wp:divi\/placeholder \/-->","_et_gb_content_width":"","footnotes":""},"class_list":["post-66","page","type-page","status-publish","hentry"],"_links":{"self":[{"href":"https:\/\/xtrategies.com.br\/index.php?rest_route=\/wp\/v2\/pages\/66"}],"collection":[{"href":"https:\/\/xtrategies.com.br\/index.php?rest_route=\/wp\/v2\/pages"}],"about":[{"href":"https:\/\/xtrategies.com.br\/index.php?rest_route=\/wp\/v2\/types\/page"}],"author":[{"embeddable":true,"href":"https:\/\/xtrategies.com.br\/index.php?rest_route=\/wp\/v2\/users\/1"}],"replies":[{"embeddable":true,"href":"https:\/\/xtrategies.com.br\/index.php?rest_route=%2Fwp%2Fv2%2Fcomments&post=66"}],"version-history":[{"count":6,"href":"https:\/\/xtrategies.com.br\/index.php?rest_route=\/wp\/v2\/pages\/66\/revisions"}],"predecessor-version":[{"id":222,"href":"https:\/\/xtrategies.com.br\/index.php?rest_route=\/wp\/v2\/pages\/66\/revisions\/222"}],"wp:attachment":[{"href":"https:\/\/xtrategies.com.br\/index.php?rest_route=%2Fwp%2Fv2%2Fmedia&parent=66"}],"curies":[{"name":"wp","href":"https:\/\/api.w.org\/{rel}","templated":true}]}}