{"id":16,"date":"2024-09-11T17:12:43","date_gmt":"2024-09-11T20:12:43","guid":{"rendered":"https:\/\/xtrategies.com.br\/?page_id=16"},"modified":"2025-08-06T14:05:14","modified_gmt":"2025-08-06T17:05:14","slug":"16-2","status":"publish","type":"page","link":"https:\/\/xtrategies.com.br\/","title":{"rendered":"Homepage"},"content":{"rendered":"\n[et_pb_section fb_built=&#8221;1&#8243; _builder_version=&#8221;4.27.0&#8243; _module_preset=&#8221;default&#8221; custom_padding=&#8221;2px||0px|||&#8221; global_colors_info=&#8221;{}&#8221;][et_pb_row _builder_version=&#8221;4.27.0&#8243; _module_preset=&#8221;default&#8221; custom_padding=&#8221;10px|||||&#8221; global_colors_info=&#8221;{}&#8221;][et_pb_column type=&#8221;4_4&#8243; _builder_version=&#8221;4.27.0&#8243; _module_preset=&#8221;default&#8221; global_colors_info=&#8221;{}&#8221;][et_pb_menu active_link_color=&#8221;#770707&#8243; dropdown_menu_bg_color=&#8221;rgba(150,0,0,0.47)&#8221; dropdown_menu_text_color=&#8221;#FFFFFF&#8221; dropdown_menu_active_link_color=&#8221;#EDF000&#8243; mobile_menu_bg_color=&#8221;rgba(137,13,13,0.54)&#8221; mobile_menu_text_color=&#8221;#FFFFFF&#8221; logo=&#8221;http:\/\/xtrategies.com.br\/wp-content\/uploads\/2024\/09\/logotipo-xtrategies.png&#8221; logo_url=&#8221;https:\/\/xtrategies.com.br&#8221; logo_width=&#8221;19%&#8221; logo_width_tablet=&#8221;19%&#8221; logo_width_phone=&#8221;40%&#8221; logo_width_last_edited=&#8221;on|phone&#8221; _builder_version=&#8221;4.27.0&#8243; _module_preset=&#8221;default&#8221; menu_font=&#8221;|700|||||||&#8221; menu_text_color=&#8221;#a30101&#8243; custom_margin=&#8221;||-9px|||&#8221; global_colors_info=&#8221;{}&#8221;][\/et_pb_menu][\/et_pb_column][\/et_pb_row][\/et_pb_section][et_pb_section fb_built=&#8221;1&#8243; admin_label=&#8221;Header&#8221; _builder_version=&#8221;4.27.0&#8243; _module_preset=&#8221;default&#8221; use_background_color_gradient=&#8221;on&#8221; background_color_gradient_stops=&#8221;rgba(226,45,87,0.33) 0%|#54000c 100%&#8221; background_color_gradient_overlays_image=&#8221;on&#8221; background_image=&#8221;http:\/\/xtrategies.com.br\/wp-content\/uploads\/2024\/09\/medium-shot-business-woman-with-post-its-scaled.jpg&#8221; background_enable_video_mp4=&#8221;off&#8221; custom_margin=&#8221;||-25px|||&#8221; custom_padding=&#8221;6vw||6vw||true|false&#8221; locked=&#8221;off&#8221; collapsed=&#8221;on&#8221; global_colors_info=&#8221;{%22gcid-9fa4a1b6-767d-41ca-984c-a6f10449c843%22:%91%22background_color_gradient_stops%22%93}&#8221;][et_pb_row _builder_version=&#8221;4.20.0&#8243; _module_preset=&#8221;default&#8221; max_width=&#8221;800px&#8221; global_colors_info=&#8221;{}&#8221;][et_pb_column type=&#8221;4_4&#8243; _builder_version=&#8221;4.20.0&#8243; _module_preset=&#8221;default&#8221; global_colors_info=&#8221;{}&#8221;][et_pb_text _builder_version=&#8221;4.27.0&#8243; _module_preset=&#8221;3c95f55d-b39d-4409-9e6d-ac2f085555fa&#8221; text_font=&#8221;Roboto Condensed||||||||&#8221; text_font_size=&#8221;8px&#8221; header_font=&#8221;Roboto Condensed|||on|||||&#8221; header_text_color=&#8221;#FFFFFF&#8221; text_orientation=&#8221;center&#8221; global_colors_info=&#8221;{}&#8221;]<h1>TE AJUDAMOS A BUSCAR A EXCEL\u00caNCIA<\/h1>[\/et_pb_text][et_pb_text _builder_version=&#8221;4.27.0&#8243; _module_preset=&#8221;e33e7a35-0fb0-4da9-a1ed-723c1eb2d271&#8243; header_5_text_color=&#8221;#FFFFFF&#8221; text_orientation=&#8221;center&#8221; hover_enabled=&#8221;0&#8243; global_colors_info=&#8221;{}&#8221; sticky_enabled=&#8221;0&#8243;]<h5>H\u00e1 15 anos GERANDO RESULTADOS<\/h5>[\/et_pb_text][\/et_pb_column][\/et_pb_row][\/et_pb_section][et_pb_section fb_built=&#8221;1&#8243; admin_label=&#8221;Services&#8221; _builder_version=&#8221;4.27.0&#8243; _module_preset=&#8221;default&#8221; background_color=&#8221;#6d0414&#8243; custom_margin=&#8221;22px|||||&#8221; custom_padding=&#8221;2px||2px|||&#8221; collapsed=&#8221;on&#8221; global_colors_info=&#8221;{}&#8221;][et_pb_row column_structure=&#8221;1_3,1_3,1_3&#8243; custom_padding_last_edited=&#8221;on|tablet&#8221; _builder_version=&#8221;4.20.0&#8243; _module_preset=&#8221;default&#8221; custom_margin=&#8221;0px|auto||auto||&#8221; custom_padding_tablet=&#8221;||0px||false|false&#8221; custom_padding_phone=&#8221;||0px||false|false&#8221; locked=&#8221;off&#8221; global_colors_info=&#8221;{}&#8221;][et_pb_column type=&#8221;1_3&#8243; _builder_version=&#8221;4.20.0&#8243; _module_preset=&#8221;default&#8221; global_colors_info=&#8221;{}&#8221;][et_pb_image src=&#8221;http:\/\/xtrategies.com.br\/wp-content\/uploads\/2024\/09\/destination.png&#8221; title_text=&#8221;destination&#8221; align=&#8221;center&#8221; _builder_version=&#8221;4.27.0&#8243; _module_preset=&#8221;default&#8221; width=&#8221;25%&#8221; width_tablet=&#8221;25%&#8221; width_phone=&#8221;35%&#8221; width_last_edited=&#8221;on|phone&#8221; global_colors_info=&#8221;{}&#8221;][\/et_pb_image][et_pb_text _builder_version=&#8221;4.27.0&#8243; _module_preset=&#8221;36112580-e9b1-41c7-810a-b9d080c14199&#8243; header_font=&#8221;||||||||&#8221; header_4_font=&#8221;Roboto Condensed|700|||||||&#8221; header_4_text_color=&#8221;#FFFFFF&#8221; text_orientation=&#8221;center&#8221; custom_margin=&#8221;||0px||false|false&#8221; global_colors_info=&#8221;{}&#8221;]<h4>\u00c1rea de Atua\u00e7\u00e3o<\/h4>[\/et_pb_text][et_pb_text _builder_version=&#8221;4.27.0&#8243; _module_preset=&#8221;a4ffd89f-c5cd-4d26-97c2-2b85a2e09b0f&#8221; text_text_color=&#8221;#E0DAD2&#8243; text_orientation=&#8221;center&#8221; global_colors_info=&#8221;{}&#8221;]<p>Oferecemos suporte completo em todos os aspectos da Jornada para a Excel\u00eancia dos nossos clientes<\/p>[\/et_pb_text][\/et_pb_column][et_pb_column type=&#8221;1_3&#8243; _builder_version=&#8221;4.20.0&#8243; _module_preset=&#8221;default&#8221; global_colors_info=&#8221;{}&#8221;][et_pb_image src=&#8221;http:\/\/xtrategies.com.br\/wp-content\/uploads\/2024\/09\/agile.png&#8221; title_text=&#8221;agile&#8221; align=&#8221;center&#8221; _builder_version=&#8221;4.27.0&#8243; _module_preset=&#8221;default&#8221; width=&#8221;25%&#8221; width_tablet=&#8221;25%&#8221; width_phone=&#8221;35%&#8221; width_last_edited=&#8221;on|phone&#8221; global_colors_info=&#8221;{}&#8221;][\/et_pb_image][et_pb_text _builder_version=&#8221;4.27.0&#8243; _module_preset=&#8221;36112580-e9b1-41c7-810a-b9d080c14199&#8243; header_font=&#8221;||||||||&#8221; header_4_font=&#8221;Roboto Condensed|700|||||||&#8221; header_4_text_color=&#8221;#FFFFFF&#8221; text_orientation=&#8221;center&#8221; custom_margin=&#8221;||0px||false|false&#8221; global_colors_info=&#8221;{}&#8221;]<h4>Lean Six Sigma \u00c1gil<\/h4>[\/et_pb_text][et_pb_text _builder_version=&#8221;4.27.0&#8243; _module_preset=&#8221;a4ffd89f-c5cd-4d26-97c2-2b85a2e09b0f&#8221; text_text_color=&#8221;#E0DAD2&#8243; text_orientation=&#8221;center&#8221; global_colors_info=&#8221;{}&#8221;]<p>Capacita\u00e7\u00e3o com material customizado e acompanhamento total de projetos<\/p>[\/et_pb_text][\/et_pb_column][et_pb_column type=&#8221;1_3&#8243; _builder_version=&#8221;4.20.0&#8243; _module_preset=&#8221;default&#8221; global_colors_info=&#8221;{}&#8221;][et_pb_image src=&#8221;http:\/\/xtrategies.com.br\/wp-content\/uploads\/2024\/09\/copywriting.png&#8221; title_text=&#8221;copywriting&#8221; align=&#8221;center&#8221; _builder_version=&#8221;4.27.0&#8243; _module_preset=&#8221;default&#8221; width=&#8221;25%&#8221; width_tablet=&#8221;25%&#8221; width_phone=&#8221;35%&#8221; width_last_edited=&#8221;on|phone&#8221; global_colors_info=&#8221;{}&#8221;][\/et_pb_image][et_pb_text _builder_version=&#8221;4.27.0&#8243; _module_preset=&#8221;36112580-e9b1-41c7-810a-b9d080c14199&#8243; header_font=&#8221;||||||||&#8221; header_4_font=&#8221;Roboto Condensed|700|||||||&#8221; header_4_text_color=&#8221;#FFFFFF&#8221; text_orientation=&#8221;center&#8221; custom_margin=&#8221;||0px||false|false&#8221; global_colors_info=&#8221;{}&#8221;]<h4>Artigos<\/h4>[\/et_pb_text][et_pb_text _builder_version=&#8221;4.27.0&#8243; _module_preset=&#8221;a4ffd89f-c5cd-4d26-97c2-2b85a2e09b0f&#8221; text_text_color=&#8221;#E0DAD2&#8243; text_orientation=&#8221;center&#8221; global_colors_info=&#8221;{}&#8221;]<p>Materiais de refer\u00eancia e constru\u00e7\u00e3o de conhecimento sobre as diversas metodologias existentes.<\/p>[\/et_pb_text][\/et_pb_column][\/et_pb_row][\/et_pb_section]\n","protected":false},"excerpt":{"rendered":"<p>TE AJUDAMOS A BUSCAR A EXCEL\u00caNCIAH\u00e1 15 anos GERANDO RESULTADOS\u00c1rea de Atua\u00e7\u00e3oOferecemos suporte completo em todos os aspectos da Jornada para a Excel\u00eancia dos nossos clientesLean Six Sigma \u00c1gilCapacita\u00e7\u00e3o com material customizado e acompanhamento total de projetosArtigosMateriais de refer\u00eancia e constru\u00e7\u00e3o de conhecimento sobre as diversas metodologias existentes.<\/p>\n","protected":false},"author":1,"featured_media":0,"parent":0,"menu_order":0,"comment_status":"closed","ping_status":"closed","template":"page-template-blank.php","meta":{"_et_pb_use_builder":"on","_et_pb_old_content":"","_et_gb_content_width":"","footnotes":""},"class_list":["post-16","page","type-page","status-publish","hentry"],"_links":{"self":[{"href":"https:\/\/xtrategies.com.br\/index.php?rest_route=\/wp\/v2\/pages\/16"}],"collection":[{"href":"https:\/\/xtrategies.com.br\/index.php?rest_route=\/wp\/v2\/pages"}],"about":[{"href":"https:\/\/xtrategies.com.br\/index.php?rest_route=\/wp\/v2\/types\/page"}],"author":[{"embeddable":true,"href":"https:\/\/xtrategies.com.br\/index.php?rest_route=\/wp\/v2\/users\/1"}],"replies":[{"embeddable":true,"href":"https:\/\/xtrategies.com.br\/index.php?rest_route=%2Fwp%2Fv2%2Fcomments&post=16"}],"version-history":[{"count":20,"href":"https:\/\/xtrategies.com.br\/index.php?rest_route=\/wp\/v2\/pages\/16\/revisions"}],"predecessor-version":[{"id":242,"href":"https:\/\/xtrategies.com.br\/index.php?rest_route=\/wp\/v2\/pages\/16\/revisions\/242"}],"wp:attachment":[{"href":"https:\/\/xtrategies.com.br\/index.php?rest_route=%2Fwp%2Fv2%2Fmedia&parent=16"}],"curies":[{"name":"wp","href":"https:\/\/api.w.org\/{rel}","templated":true}]}}